{"id":4,"date":"2012-01-07T22:49:41","date_gmt":"2012-01-07T22:49:41","guid":{"rendered":"http:\/\/www.bureau-heuchel-klag.de\/kunsthaus\/?page_id=4"},"modified":"2016-02-07T15:12:55","modified_gmt":"2016-02-07T15:12:55","slug":"kunsthaus","status":"publish","type":"page","link":"https:\/\/bureau-heuchel-klag.de\/kunsthaus\/?page_id=4","title":{"rendered":"Das Kunsthaus"},"content":{"rendered":"<p><a href=\"https:\/\/bureau-heuchel-klag.de\/kunsthaus\/wp-content\/uploads\/2012\/01\/Kunsthaus_7660b746d4.jpg\"><img loading=\"lazy\" decoding=\"async\" class=\"alignnone  wp-image-2197\" title=\"Kunsthaus_7660b746d4\" alt=\"\" src=\"https:\/\/bureau-heuchel-klag.de\/kunsthaus\/wp-content\/uploads\/2012\/01\/Kunsthaus_7660b746d4.jpg\" width=\"504\" height=\"149\" srcset=\"https:\/\/bureau-heuchel-klag.de\/kunsthaus\/wp-content\/uploads\/2012\/01\/Kunsthaus_7660b746d4.jpg 800w, https:\/\/bureau-heuchel-klag.de\/kunsthaus\/wp-content\/uploads\/2012\/01\/Kunsthaus_7660b746d4-300x88.jpg 300w\" sizes=\"auto, (max-width: 504px) 100vw, 504px\" \/><\/a><\/p>\n<p>Das Haus als Form, das Haus als Skulptur, als Substanz. Das Haus als K\u00f6rper im Raum. Das Haus als handwerkliches Ereignisse<strong>.<\/strong> Das Haus als ein zusammenkleben von Materialien. Das Haus ist ein Kunstwerk o.T. Man nennt es Konstruktion. Das Haus neben einem Haus. Ich bringe Form und Material an das Haus ich nehme weg oder f\u00fcge hinzu. Es gibt Beton, Holz und Schlamm, es gibt die Farbe. Ich rei\u00dfe auf und decke zu, ich bohre rein und wieder raus, ich schiebe hier und schiebe da, mach die T\u00fcr auf.<\/p>\n<p>&nbsp;<\/p>\n<blockquote><p><span>Das bHK ist ein Labor<\/span><\/p><\/blockquote>\n<p>Der Ansatz im bHK zu arbeiten ist ein \u00f6konomischer. Doch die Art der \u00d6konomie ist weniger fiskal, sondern zeitgem\u00e4\u00df: im bHK geht es nicht um ein illustrieren von individuellen Vorlieben, wie dies &#8211; so m\u00f6chte ich behaupten &#8211; landl\u00e4ufig als Kunst-Werk verstanden wird, sondern um das ERARBEITEN von Projekten. Die Gegenst\u00e4nde dieser Projekte entstehen aus dem Zusammenwirken von Pers\u00f6nlichkeiten aus unterschiedlichen Sparten und Interessensgebieten aus Kunst, Geisteswissenschaften und Ingenieurwesen. Die ARBEITS-ergebnisse finden ihre Projektion in den unterschiedlichsten Medien. Im bHK formuliert sich also ein Ort der ARBEIT an Projekten. Diese Projekte werden nat\u00fcrlich bestimmt durch das unterschiedliche Wissen, K\u00f6nnen und die verschiedenen Pers\u00f6nlichkeiten der daran ARBEITENDEN Menschen. Dadurch wird das ganze au\u00dfergew\u00f6hnlich interessant. Der konkrete Ort des bHK ist ein sich in Umnutzung befindliches Wohn-Haus.<br \/>\nWelches als zentrale Anlaufstelle der mittlerweile zahlreichen Au\u00dfenstellen des bHK fungiert.<\/p>\n<p><strong>Christian Heuchel <\/strong>Architekt und Bildender K\u00fcnstler, K\u00f6ln\u00a0 und <strong>Gunter Klag<\/strong> Bildender K\u00fcnstler, Bellheim<\/p>\n<p>&nbsp;<\/p>\n<p><a href=\"https:\/\/bureau-heuchel-klag.de\/kunsthaus\/wp-content\/uploads\/2012\/01\/Kunsthaus_model.jpg\"><img loading=\"lazy\" decoding=\"async\" class=\"alignnone  wp-image-2192\" title=\"Kunsthaus_model\" alt=\"\" src=\"https:\/\/bureau-heuchel-klag.de\/kunsthaus\/wp-content\/uploads\/2012\/01\/Kunsthaus_model.jpg\" width=\"490\" height=\"251\" srcset=\"https:\/\/bureau-heuchel-klag.de\/kunsthaus\/wp-content\/uploads\/2012\/01\/Kunsthaus_model.jpg 700w, https:\/\/bureau-heuchel-klag.de\/kunsthaus\/wp-content\/uploads\/2012\/01\/Kunsthaus_model-300x153.jpg 300w\" sizes=\"auto, (max-width: 490px) 100vw, 490px\" \/><\/a><\/p>\n<p>&nbsp;<\/p>\n<!-- PHP 5.x -->","protected":false},"excerpt":{"rendered":"<p>Das Haus als Form, das Haus als Skulptur, als Substanz. Das Haus als K\u00f6rper im Raum. Das Haus als handwerkliches Ereignisse. Das Haus als ein zusammenkleben von Materialien. Das Haus ist ein Kunstwerk o.T. Man nennt es Konstruktion. Das Haus neben einem Haus. Ich bringe Form und Material an das Haus ich nehme weg oder [&hellip;]<\/p>\n","protected":false},"author":1,"featured_media":0,"parent":0,"menu_order":3,"comment_status":"closed","ping_status":"closed","template":"","meta":{"footnotes":""},"class_list":["post-4","page","type-page","status-publish","hentry"],"_links":{"self":[{"href":"https:\/\/bureau-heuchel-klag.de\/kunsthaus\/index.php?rest_route=\/wp\/v2\/pages\/4","targetHints":{"allow":["GET"]}}],"collection":[{"href":"https:\/\/bureau-heuchel-klag.de\/kunsthaus\/index.php?rest_route=\/wp\/v2\/pages"}],"about":[{"href":"https:\/\/bureau-heuchel-klag.de\/kunsthaus\/index.php?rest_route=\/wp\/v2\/types\/page"}],"author":[{"embeddable":true,"href":"https:\/\/bureau-heuchel-klag.de\/kunsthaus\/index.php?rest_route=\/wp\/v2\/users\/1"}],"replies":[{"embeddable":true,"href":"https:\/\/bureau-heuchel-klag.de\/kunsthaus\/index.php?rest_route=%2Fwp%2Fv2%2Fcomments&post=4"}],"version-history":[{"count":63,"href":"https:\/\/bureau-heuchel-klag.de\/kunsthaus\/index.php?rest_route=\/wp\/v2\/pages\/4\/revisions"}],"predecessor-version":[{"id":4875,"href":"https:\/\/bureau-heuchel-klag.de\/kunsthaus\/index.php?rest_route=\/wp\/v2\/pages\/4\/revisions\/4875"}],"wp:attachment":[{"href":"https:\/\/bureau-heuchel-klag.de\/kunsthaus\/index.php?rest_route=%2Fwp%2Fv2%2Fmedia&parent=4"}],"curies":[{"name":"wp","href":"https:\/\/api.w.org\/{rel}","templated":true}]}}