{"id":37,"date":"2012-01-14T03:08:19","date_gmt":"2012-01-14T03:08:19","guid":{"rendered":"http:\/\/www.bureau-heuchel-klag.de\/kunsthaus\/?page_id=37"},"modified":"2012-11-08T16:10:09","modified_gmt":"2012-11-08T16:10:09","slug":"kontakt","status":"publish","type":"page","link":"https:\/\/bureau-heuchel-klag.de\/kunsthaus\/?page_id=37","title":{"rendered":"Kontakt"},"content":{"rendered":"<p>&nbsp;<\/p>\n<h4>Kunsthaus bHK Bellheim<\/h4>\n<p><strong>Gunter Klag<\/strong><br \/>\nHauptstra\u00dfe 129<br \/>\n76756 BellheimTel\/Fax: 0 7272 761 58<br \/>\nE-Mail: heukla(at)aol.com<br \/>\nInternet: <a title=\"www.bureau-heuchel-klag.de\" href=\"http:\/\/www.bureau-heuchel-klag.de\" target=\"_blank\">www.bureau-heuchel-klag.de<\/a><\/p>\n<p>&nbsp;<\/p>\n<p>&nbsp;<\/p>\n<h4>bHK K\u00f6ln<\/h4>\n<p><strong>Dipl. Ing. Christian Heuchel<\/strong><br \/>\nKrieler Stra\u00dfe 4<br \/>\n50935 K\u00f6ln<br \/>\nMobil: 0177 \u2013 5620479<br \/>\nE-Mail: bHK(at)christianheuchel.de<br \/>\nInternet: <a title=\"www.christianheuchel.de\" href=\"http:\/\/www.christianheuchel.de\" target=\"_blank\">www.christianheuchel.de<\/a><\/p>\n<!-- PHP 5.x -->","protected":false},"excerpt":{"rendered":"<p>&nbsp; Kunsthaus bHK Bellheim Gunter Klag Hauptstra\u00dfe 129 76756 BellheimTel\/Fax: 0 7272 761 58 E-Mail: heukla(at)aol.com Internet: www.bureau-heuchel-klag.de &nbsp; &nbsp; bHK K\u00f6ln Dipl. Ing. Christian Heuchel Krieler Stra\u00dfe 4 50935 K\u00f6ln Mobil: 0177 \u2013 5620479 E-Mail: bHK(at)christianheuchel.de Internet: www.christianheuchel.de<\/p>\n","protected":false},"author":1,"featured_media":0,"parent":0,"menu_order":4,"comment_status":"closed","ping_status":"closed","template":"","meta":{"footnotes":""},"class_list":["post-37","page","type-page","status-publish","hentry"],"_links":{"self":[{"href":"https:\/\/bureau-heuchel-klag.de\/kunsthaus\/index.php?rest_route=\/wp\/v2\/pages\/37","targetHints":{"allow":["GET"]}}],"collection":[{"href":"https:\/\/bureau-heuchel-klag.de\/kunsthaus\/index.php?rest_route=\/wp\/v2\/pages"}],"about":[{"href":"https:\/\/bureau-heuchel-klag.de\/kunsthaus\/index.php?rest_route=\/wp\/v2\/types\/page"}],"author":[{"embeddable":true,"href":"https:\/\/bureau-heuchel-klag.de\/kunsthaus\/index.php?rest_route=\/wp\/v2\/users\/1"}],"replies":[{"embeddable":true,"href":"https:\/\/bureau-heuchel-klag.de\/kunsthaus\/index.php?rest_route=%2Fwp%2Fv2%2Fcomments&post=37"}],"version-history":[{"count":24,"href":"https:\/\/bureau-heuchel-klag.de\/kunsthaus\/index.php?rest_route=\/wp\/v2\/pages\/37\/revisions"}],"predecessor-version":[{"id":2310,"href":"https:\/\/bureau-heuchel-klag.de\/kunsthaus\/index.php?rest_route=\/wp\/v2\/pages\/37\/revisions\/2310"}],"wp:attachment":[{"href":"https:\/\/bureau-heuchel-klag.de\/kunsthaus\/index.php?rest_route=%2Fwp%2Fv2%2Fmedia&parent=37"}],"curies":[{"name":"wp","href":"https:\/\/api.w.org\/{rel}","templated":true}]}}