{"id":320,"date":"2012-03-08T17:35:44","date_gmt":"2012-03-08T17:35:44","guid":{"rendered":"http:\/\/www.bureau-heuchel-klag.de\/kunsthaus\/?page_id=320"},"modified":"2016-02-07T19:24:52","modified_gmt":"2016-02-07T19:24:52","slug":"werkzyklen","status":"publish","type":"page","link":"https:\/\/bureau-heuchel-klag.de\/kunsthaus\/?page_id=320","title":{"rendered":"Kunstprojekte"},"content":{"rendered":"<h2>Kunstprojekte &#8211; Werkzyklen<\/h2>\n<p>Die Werkzyklen <strong>Pneu<\/strong>, <strong>Grenze, Kunst am Haus<\/strong> und <strong>Habitation<\/strong> sind die Basis f\u00fcr unsere kontinuierliche Zusammenarbeit. Es sind Themen, die zeitlose und kulturelle Relevanz besitzen. Die langj\u00e4hrige Auseinandersetzung mit den Werkzyklen zeigt sich in Ausstellungen und B\u00fcchern.<\/p>\n<p><span style=\"color: #888888;\">The work cycles &#8222;Pneu&#8220;, &#8222;Grenze&#8220;, &#8222;Kunst am Haus&#8220; and &#8222;Habitation&#8220; are the basis for our continuous cooperation. These are topics of timeless and cultural relevance. The long-term analysis of the work cycles is shown in ex<\/span><\/p>\n<p><span style=\"color: #888888;\">hibitions and books.<\/span><\/p>\n<p><img loading=\"lazy\" decoding=\"async\" class=\"size-medium wp-image-1173 alignleft\" title=\"1999grenze-gruegren\" alt=\"\" src=\"https:\/\/bureau-heuchel-klag.de\/kunsthaus\/wp-content\/uploads\/1999\/06\/1999grenze-gruegren-300x184.jpg\" width=\"300\" height=\"184\" srcset=\"https:\/\/bureau-heuchel-klag.de\/kunsthaus\/wp-content\/uploads\/1999\/06\/1999grenze-gruegren-300x184.jpg 300w, https:\/\/bureau-heuchel-klag.de\/kunsthaus\/wp-content\/uploads\/1999\/06\/1999grenze-gruegren.jpg 650w\" sizes=\"auto, (max-width: 300px) 100vw, 300px\" \/><\/p>\n<p>&nbsp;<\/p>\n<ul>\n<li><a title=\"Kunstprojekt Grenze\" href=\"https:\/\/bureau-heuchel-klag.de\/kunsthaus\/?cat=24\">Kunstprojekt: Grenze<\/a><\/li>\n<\/ul>\n<ul>\n<li><a title=\"Kunstprojekt Habitation\" href=\"https:\/\/bureau-heuchel-klag.de\/kunsthaus\/?cat=26\">Kunstprojekt: Habitation<\/a><\/li>\n<\/ul>\n<ul>\n<li><a title=\"Kunstprojekt Kunst am Haus\" href=\"https:\/\/bureau-heuchel-klag.de\/kunsthaus\/?cat=25\">Kunstprojekt: Kunst am Haus<\/a><\/li>\n<\/ul>\n<ul>\n<li><a title=\"Kunstprojekt Pneu\" href=\"https:\/\/bureau-heuchel-klag.de\/kunsthaus\/?cat=27\">Kunstprojekt: Pneu<\/a><\/li>\n<\/ul>\n<p>&nbsp;<\/p>\n<p>&nbsp;<\/p>\n<h2>\u201cGrenze\u201d<\/h2>\n<p>Hier finden Sie die Kunstaktionen und-projekte zum Werkzyklus \u201cGrenze\u201d:<\/p>\n<ul>\n<li><a title=\"Grenze \u2013 2010 Bellheim\" href=\"https:\/\/bureau-heuchel-klag.de\/kunsthaus\/?p=1185\">Grenze \u2013 2010 Bellheim<\/a><\/li>\n<\/ul>\n<ul>\n<li><a title=\"Grenze \u2013 2001 Landau\" href=\"https:\/\/bureau-heuchel-klag.de\/kunsthaus\/?p=1177\">Grenze \u2013 2001 Landau<\/a><\/li>\n<\/ul>\n<ul>\n<li><a title=\"Grenze \u2013 1999 Bellheim\" href=\"https:\/\/bureau-heuchel-klag.de\/kunsthaus\/?p=1167\">Grenze \u2013 1999 Bellheim<\/a><\/li>\n<\/ul>\n<ul>\n<li><a title=\"Grenze \u2013 1997 D\u00fcsseldorf\" href=\"https:\/\/bureau-heuchel-klag.de\/kunsthaus\/?p=1161\">Grenze \u2013 1997 D\u00fcsseldorf<\/a><\/li>\n<\/ul>\n<ul>\n<li><a title=\"Grenze \u2013 1996 Bellheim \/ Hamburg\" href=\"https:\/\/bureau-heuchel-klag.de\/kunsthaus\/?p=1142\">Grenze \u2013 1996 Bellheim \/ Hamburg<\/a><\/li>\n<\/ul>\n<h2>\u201cHabitation\u201d<\/h2>\n<p>Hier finden Sie die Kunstaktionen und-projekte zum Werkzyklus \u201cHabitation\u201d:<\/p>\n<ul>\n<li><a title=\"Habitation \u2013 2008 Bellheim\" href=\"https:\/\/bureau-heuchel-klag.de\/kunsthaus\/?p=1237\">Habitation \u2013 2008 Bellheim<\/a><\/li>\n<\/ul>\n<ul>\n<li><a title=\"Habitation \u2013 2003 Bellheim\" href=\"https:\/\/bureau-heuchel-klag.de\/kunsthaus\/?p=1229\">Habitation \u2013 2003 Bellheim<\/a><\/li>\n<\/ul>\n<ul>\n<li><a title=\"Habitation \u2013 2001 Bellheim\" href=\"https:\/\/bureau-heuchel-klag.de\/kunsthaus\/?p=1219\">Habitation \u2013 2001 Bellheim<\/a><\/li>\n<\/ul>\n<ul>\n<li><a title=\"Habitation \u2013 2000 Hamburg\" href=\"https:\/\/bureau-heuchel-klag.de\/kunsthaus\/?p=1208\">Habitation \u2013 2000 Hamburg<\/a><\/li>\n<\/ul>\n<ul>\n<li><a title=\"Habitation \u2013 1999 Dortmund\" href=\"https:\/\/bureau-heuchel-klag.de\/kunsthaus\/?p=1199\">Habitation \u2013 1999 Dortmund<\/a><\/li>\n<\/ul>\n<h2>\u201cKunst am Haus\u201d<\/h2>\n<p>Hier finden Sie die Kunstaktionen und-projekte zum Werkzyklus \u201cKunst am Haus\u201d:<\/p>\n<ul>\n<li><a title=\"Kunst am Haus \u2013 2010 Christian Heuchel\" href=\"https:\/\/bureau-heuchel-klag.de\/kunsthaus\/?p=1122\">Kunst am Haus \u2013 2010 Christian Heuchel<\/a><\/li>\n<\/ul>\n<ul>\n<li><a title=\"Kunst am Haus \u2013 2009 Gunter Klag\" href=\"https:\/\/bureau-heuchel-klag.de\/kunsthaus\/?p=1093\">Kunst am Haus \u2013 2009 Gunter Klag<\/a><\/li>\n<\/ul>\n<ul>\n<li><a title=\"Kunst am Haus \u2013 2008 Mike \u00dcberall\" href=\"https:\/\/bureau-heuchel-klag.de\/kunsthaus\/?p=1116\">Kunst am Haus \u2013 2008 Mike \u00dcberall<\/a><\/li>\n<\/ul>\n<ul>\n<li><a title=\"Kunst am Haus \u2013 2007 Thomas Ruch\" href=\"https:\/\/bureau-heuchel-klag.de\/kunsthaus\/?p=1073\">Kunst am Haus \u2013 2007 Thomas Ruch<\/a><\/li>\n<\/ul>\n<h2>\u201cPneu\u201d [Pn\u00f8]<\/h2>\n<p>Hier finden Sie die Kunstaktionen und-projekte zum Werkzyklus \u201cPneu\u201d:<\/p>\n<ul>\n<li><a title=\"Pneu \u2013 2005 Bellheim\" href=\"https:\/\/bureau-heuchel-klag.de\/kunsthaus\/?p=1299\">Pneu \u2013 2005 Bellheim<\/a><\/li>\n<\/ul>\n<ul>\n<li><a title=\"Pneu \u2013 2000 Neustadt\" href=\"https:\/\/bureau-heuchel-klag.de\/kunsthaus\/?p=1285\">Pneu \u2013 2000 Neustadt<\/a><\/li>\n<\/ul>\n<ul>\n<li><a title=\"Pneu \u2013 1999 Bellheim\" href=\"https:\/\/bureau-heuchel-klag.de\/kunsthaus\/?p=296\">Pneu \u2013 1999 Bellheim<\/a><\/li>\n<\/ul>\n<ul>\n<li><a title=\"Pneu \u2013 1999 Karlsruhe\" href=\"https:\/\/bureau-heuchel-klag.de\/kunsthaus\/?p=1272\">Pneu \u2013 1999 Karlsruhe<\/a><\/li>\n<\/ul>\n<ul>\n<li><a title=\"Pneu \u2013 1998 Hamburg\" href=\"https:\/\/bureau-heuchel-klag.de\/kunsthaus\/?p=1265\">Pneu \u2013 1998 Hamburg<\/a><\/li>\n<\/ul>\n<p>&nbsp;<\/p>\n<!-- PHP 5.x -->","protected":false},"excerpt":{"rendered":"<p>Kunstprojekte &#8211; Werkzyklen Die Werkzyklen Pneu, Grenze, Kunst am Haus und Habitation sind die Basis f\u00fcr unsere kontinuierliche Zusammenarbeit. Es sind Themen, die zeitlose und kulturelle Relevanz besitzen. Die langj\u00e4hrige Auseinandersetzung mit den Werkzyklen zeigt sich in Ausstellungen und B\u00fcchern. The work cycles &#8222;Pneu&#8220;, &#8222;Grenze&#8220;, &#8222;Kunst am Haus&#8220; and &#8222;Habitation&#8220; are the basis for our [&hellip;]<\/p>\n","protected":false},"author":1,"featured_media":0,"parent":4,"menu_order":3,"comment_status":"closed","ping_status":"closed","template":"","meta":{"footnotes":""},"class_list":["post-320","page","type-page","status-publish","hentry"],"_links":{"self":[{"href":"https:\/\/bureau-heuchel-klag.de\/kunsthaus\/index.php?rest_route=\/wp\/v2\/pages\/320","targetHints":{"allow":["GET"]}}],"collection":[{"href":"https:\/\/bureau-heuchel-klag.de\/kunsthaus\/index.php?rest_route=\/wp\/v2\/pages"}],"about":[{"href":"https:\/\/bureau-heuchel-klag.de\/kunsthaus\/index.php?rest_route=\/wp\/v2\/types\/page"}],"author":[{"embeddable":true,"href":"https:\/\/bureau-heuchel-klag.de\/kunsthaus\/index.php?rest_route=\/wp\/v2\/users\/1"}],"replies":[{"embeddable":true,"href":"https:\/\/bureau-heuchel-klag.de\/kunsthaus\/index.php?rest_route=%2Fwp%2Fv2%2Fcomments&post=320"}],"version-history":[{"count":40,"href":"https:\/\/bureau-heuchel-klag.de\/kunsthaus\/index.php?rest_route=\/wp\/v2\/pages\/320\/revisions"}],"predecessor-version":[{"id":3543,"href":"https:\/\/bureau-heuchel-klag.de\/kunsthaus\/index.php?rest_route=\/wp\/v2\/pages\/320\/revisions\/3543"}],"up":[{"embeddable":true,"href":"https:\/\/bureau-heuchel-klag.de\/kunsthaus\/index.php?rest_route=\/wp\/v2\/pages\/4"}],"wp:attachment":[{"href":"https:\/\/bureau-heuchel-klag.de\/kunsthaus\/index.php?rest_route=%2Fwp%2Fv2%2Fmedia&parent=320"}],"curies":[{"name":"wp","href":"https:\/\/api.w.org\/{rel}","templated":true}]}}