{"id":2,"date":"2012-01-07T22:45:38","date_gmt":"2012-01-07T22:45:38","guid":{"rendered":"http:\/\/www.bureau-heuchel-klag.de\/kunsthaus\/?page_id=2"},"modified":"2012-10-13T15:43:09","modified_gmt":"2012-10-13T15:43:09","slug":"beispiel-seite","status":"publish","type":"page","link":"https:\/\/bureau-heuchel-klag.de\/kunsthaus\/?page_id=2","title":{"rendered":"bHK"},"content":{"rendered":"<p>&nbsp;<\/p>\n<p>Das <strong>bureau Heuchel Klag<\/strong> wurde von <strong>Christian Heuchel<\/strong> (Architekt\/K\u00fcnstler) und <strong>Gunter Klag<\/strong> (K\u00fcnstler) gegr\u00fcndet. Der Hauptsitz befindet sich im Kunsthaus des bHK in Bellheim. Arbeitsschwerpunkte sind die Sparten Kunst und Architektur. Die Arbeiten werden im In- und Ausland gezeigt.<\/p>\n<p><span style=\"color: #999999;\"><strong>Bureau Heuchel Klag<\/strong> was set up by <strong>Christian Heuchel<\/strong> (architect\/artist) and <strong>Gunter Klag<\/strong> (artist). It has its headquarters in the bHK Art House in Bellheim. Work focuses on the fields of art and architecture. The works are exhibited in Germany and abroad.<\/span><\/p>\n<ul>\n<li><a title=\"bHK Brosch\u00fcre als PDF\" href=\"https:\/\/bureau-heuchel-klag.de\/kunsthaus\/wp-content\/uploads\/2012\/01\/060614bHKbroschueresw1.pdf\" target=\"_blank\">bHK Brosch\u00fcre als PDF<\/a><\/li>\n<\/ul>\n<p><a href=\"https:\/\/bureau-heuchel-klag.de\/kunsthaus\/wp-content\/uploads\/2012\/01\/bhk92kl_01.jpg\"><img loading=\"lazy\" decoding=\"async\" class=\"alignnone size-thumbnail wp-image-459\" title=\"bhk92kl_01\" src=\"https:\/\/bureau-heuchel-klag.de\/kunsthaus\/wp-content\/uploads\/2012\/01\/bhk92kl_01-150x150.jpg\" alt=\"\" width=\"150\" height=\"150\" \/><\/a><\/p>\n<p>&nbsp;<\/p>\n<h4>Die K\u00fcnstler<\/h4>\n<ul>\n<li>Christian Heuchel<br \/>\n<strong>Architekt und Bildender K\u00fcnstler, K\u00f6ln<\/strong><\/li>\n<\/ul>\n<p>Geboren 1966 in Germersheim. Studium der Architektur an der<br \/>\nUniversit\u00e4t Karlsruhe und der Baukunst an der Kunstakademie<br \/>\nD\u00fcsseldorf. Abschluss als Meistersch\u00fcler mit Auszeichnung im Jahr<br \/>\n2000, Stipendiat auf Schloss Solitude Stuttgart. Lehrauftrag<br \/>\nKunst und Architektur an der Kunstakademie D\u00fcsseldorf.<br \/>\nGr\u00fcndungsmitglied von bHK und rheinfl\u00fcgel. F\u00f6rderpreis des Landes NRW f\u00fcr junge K\u00fcnstler 2005 mit rheinfl\u00fcgel. Seit 2006 B\u00fcroleitung Ortner&amp;Ortner K\u00f6ln.<\/p>\n<p>&nbsp;<\/p>\n<ul>\n<li>Gunter Klag<br \/>\n<strong>Bildender K\u00fcnstler, Bellheim<\/strong><\/li>\n<\/ul>\n<p>&nbsp;<\/p>\n<p>Geboren 1965 in Ludwigshafen. Autodidakt. Mitglied des BBK Rheinland-Pfalz. Zahlreiche k\u00fcnstlerische Arbeiten in \u00f6ffentlichem und privatem Besitz.<br \/>\nTeilnahme an Kunst am Bau Wettbewerben. T\u00e4tigkeit im Bereich Erwachsenenbildung (Freihandzeichnen, Elementares Gestalten, Hochdruck, Tiefdruck, Medienkunde).<\/p>\n<p>&nbsp;<\/p>\n<!-- PHP 5.x -->","protected":false},"excerpt":{"rendered":"<p>&nbsp; Das bureau Heuchel Klag wurde von Christian Heuchel (Architekt\/K\u00fcnstler) und Gunter Klag (K\u00fcnstler) gegr\u00fcndet. Der Hauptsitz befindet sich im Kunsthaus des bHK in Bellheim. Arbeitsschwerpunkte sind die Sparten Kunst und Architektur. Die Arbeiten werden im In- und Ausland gezeigt. Bureau Heuchel Klag was set up by Christian Heuchel (architect\/artist) and Gunter Klag (artist). It [&hellip;]<\/p>\n","protected":false},"author":1,"featured_media":0,"parent":0,"menu_order":1,"comment_status":"closed","ping_status":"closed","template":"","meta":{"footnotes":""},"class_list":["post-2","page","type-page","status-publish","hentry"],"_links":{"self":[{"href":"https:\/\/bureau-heuchel-klag.de\/kunsthaus\/index.php?rest_route=\/wp\/v2\/pages\/2","targetHints":{"allow":["GET"]}}],"collection":[{"href":"https:\/\/bureau-heuchel-klag.de\/kunsthaus\/index.php?rest_route=\/wp\/v2\/pages"}],"about":[{"href":"https:\/\/bureau-heuchel-klag.de\/kunsthaus\/index.php?rest_route=\/wp\/v2\/types\/page"}],"author":[{"embeddable":true,"href":"https:\/\/bureau-heuchel-klag.de\/kunsthaus\/index.php?rest_route=\/wp\/v2\/users\/1"}],"replies":[{"embeddable":true,"href":"https:\/\/bureau-heuchel-klag.de\/kunsthaus\/index.php?rest_route=%2Fwp%2Fv2%2Fcomments&post=2"}],"version-history":[{"count":45,"href":"https:\/\/bureau-heuchel-klag.de\/kunsthaus\/index.php?rest_route=\/wp\/v2\/pages\/2\/revisions"}],"predecessor-version":[{"id":2181,"href":"https:\/\/bureau-heuchel-klag.de\/kunsthaus\/index.php?rest_route=\/wp\/v2\/pages\/2\/revisions\/2181"}],"wp:attachment":[{"href":"https:\/\/bureau-heuchel-klag.de\/kunsthaus\/index.php?rest_route=%2Fwp%2Fv2%2Fmedia&parent=2"}],"curies":[{"name":"wp","href":"https:\/\/api.w.org\/{rel}","templated":true}]}}