{"id":15,"date":"2012-01-14T02:51:06","date_gmt":"2012-01-14T02:51:06","guid":{"rendered":"http:\/\/www.bureau-heuchel-klag.de\/kunsthaus\/?page_id=15"},"modified":"2025-01-08T15:05:00","modified_gmt":"2025-01-08T15:05:00","slug":"buchkunst","status":"publish","type":"page","link":"https:\/\/bureau-heuchel-klag.de\/kunsthaus\/?page_id=15","title":{"rendered":"K\u00fcnstlerb\u00fccher"},"content":{"rendered":"<h2>K\u00fcnstlerb\u00fccher des bHK<\/h2>\n<p>Die handwerklich und k\u00fcnstlerisch hochwertigen B\u00fccher entstehen in kleiner Auflage. Zu den Buchprojekten werden ausgew\u00e4hlte K\u00fcnstler, Autoren und Wissenschaftler eingeladen. Die K\u00fcnstlerb\u00fccher erscheinen in der Edition bHK Buchkunst. Diese nimmt seit 2004 erfolgreich an internationalen Buchmessen teil, u.a. in der Schweiz im Museum Le Locle, in K\u00f6ln bei der 4. Editionale und auf der Frankfurter Buchmesse.<\/p>\n<p><span style=\"color: #999999;\">Books featuring high quality art and workmanship are produced in small print runs. Selected artists, authors and academics are invited to participate in the book projects. The artist books are published as bHK Buchkunst editions. They have successfully participated in international book fairs since 2004, for example in Switzerland at Museum Le Locle, in Cologne at the 4th Editionale and at the Frankfurt Book Fair.<\/span><\/p>\n<p>&nbsp;<\/p>\n<p>Hier finden Sie alle Mitteilungen, Events, Aktionen, Projekte und Werke zum Thema \u201cK\u00fcnstlerb\u00fccher\u201d:<\/p>\n<ul>\n<li><a title=\"Buchkunst\" href=\"https:\/\/bureau-heuchel-klag.de\/kunsthaus\/?cat=10\">Archiv: Beitr\u00e4ge &#8211; K\u00fcnstlerb\u00fccher<\/a><\/li>\n<\/ul>\n<p><img loading=\"lazy\" decoding=\"async\" class=\"alignnone  wp-image-617\" title=\"0cb01f90bb\" alt=\"\" src=\"https:\/\/bureau-heuchel-klag.de\/kunsthaus\/wp-content\/uploads\/2000\/02\/0cb01f90bb.jpg\" width=\"400\" height=\"267\" srcset=\"https:\/\/bureau-heuchel-klag.de\/kunsthaus\/wp-content\/uploads\/2000\/02\/0cb01f90bb.jpg 800w, https:\/\/bureau-heuchel-klag.de\/kunsthaus\/wp-content\/uploads\/2000\/02\/0cb01f90bb-300x200.jpg 300w\" sizes=\"auto, (max-width: 400px) 100vw, 400px\" \/><\/p>\n<!-- PHP 5.x -->","protected":false},"excerpt":{"rendered":"<p>K\u00fcnstlerb\u00fccher des bHK Die handwerklich und k\u00fcnstlerisch hochwertigen B\u00fccher entstehen in kleiner Auflage. Zu den Buchprojekten werden ausgew\u00e4hlte K\u00fcnstler, Autoren und Wissenschaftler eingeladen. Die K\u00fcnstlerb\u00fccher erscheinen in der Edition bHK Buchkunst. Diese nimmt seit 2004 erfolgreich an internationalen Buchmessen teil, u.a. in der Schweiz im Museum Le Locle, in K\u00f6ln bei der 4. Editionale und [&hellip;]<\/p>\n","protected":false},"author":1,"featured_media":0,"parent":4,"menu_order":0,"comment_status":"closed","ping_status":"closed","template":"","meta":{"footnotes":""},"class_list":["post-15","page","type-page","status-publish","hentry"],"_links":{"self":[{"href":"https:\/\/bureau-heuchel-klag.de\/kunsthaus\/index.php?rest_route=\/wp\/v2\/pages\/15","targetHints":{"allow":["GET"]}}],"collection":[{"href":"https:\/\/bureau-heuchel-klag.de\/kunsthaus\/index.php?rest_route=\/wp\/v2\/pages"}],"about":[{"href":"https:\/\/bureau-heuchel-klag.de\/kunsthaus\/index.php?rest_route=\/wp\/v2\/types\/page"}],"author":[{"embeddable":true,"href":"https:\/\/bureau-heuchel-klag.de\/kunsthaus\/index.php?rest_route=\/wp\/v2\/users\/1"}],"replies":[{"embeddable":true,"href":"https:\/\/bureau-heuchel-klag.de\/kunsthaus\/index.php?rest_route=%2Fwp%2Fv2%2Fcomments&post=15"}],"version-history":[{"count":29,"href":"https:\/\/bureau-heuchel-klag.de\/kunsthaus\/index.php?rest_route=\/wp\/v2\/pages\/15\/revisions"}],"predecessor-version":[{"id":5144,"href":"https:\/\/bureau-heuchel-klag.de\/kunsthaus\/index.php?rest_route=\/wp\/v2\/pages\/15\/revisions\/5144"}],"up":[{"embeddable":true,"href":"https:\/\/bureau-heuchel-klag.de\/kunsthaus\/index.php?rest_route=\/wp\/v2\/pages\/4"}],"wp:attachment":[{"href":"https:\/\/bureau-heuchel-klag.de\/kunsthaus\/index.php?rest_route=%2Fwp%2Fv2%2Fmedia&parent=15"}],"curies":[{"name":"wp","href":"https:\/\/api.w.org\/{rel}","templated":true}]}}